{"id":295,"date":"2025-02-21T13:24:27","date_gmt":"2025-02-21T12:24:27","guid":{"rendered":"https:\/\/www.hurakan-wing-school.fr\/?page_id=295"},"modified":"2025-10-10T07:19:44","modified_gmt":"2025-10-10T05:19:44","slug":"le-wingfoil","status":"publish","type":"page","link":"https:\/\/www.hurakan-wing-school.fr\/index.php\/le-wingfoil\/","title":{"rendered":"Le Wingfoil"},"content":{"rendered":"<p>[et_pb_section fb_built=\u00a0\u00bb1&Prime; admin_label=\u00a0\u00bbHeader\u00a0\u00bb _builder_version=\u00a0\u00bb4.27.4&Prime; _module_preset=\u00a0\u00bbdefault\u00a0\u00bb use_background_color_gradient=\u00a0\u00bbon\u00a0\u00bb background_color_gradient_type=\u00a0\u00bbcircular\u00a0\u00bb background_color_gradient_direction_radial=\u00a0\u00bbtop left\u00a0\u00bb background_color_gradient_stops=\u00a0\u00bbrgba(0,0,0,0.85) 0%|rgba(255,255,255,0) 68%|rgba(196, 196, 196, 0.23) 100%\u00a0\u00bb background_color_gradient_overlays_image=\u00a0\u00bbon\u00a0\u00bb background_image=\u00a0\u00bbhttps:\/\/www.hurakan-wing-school.fr\/wp-content\/uploads\/2025\/02\/20240521_162719.jpg\u00a0\u00bb background_position=\u00a0\u00bbcenter_right\u00a0\u00bb custom_padding=\u00a0\u00bb||8vw||false|false\u00a0\u00bb bottom_divider_style=\u00a0\u00bbwaves2&Prime; bottom_divider_color=\u00a0\u00bb#e5e8f0&Prime; bottom_divider_height=\u00a0\u00bb8vw\u00a0\u00bb locked=\u00a0\u00bboff\u00a0\u00bb collapsed=\u00a0\u00bbon\u00a0\u00bb global_colors_info=\u00a0\u00bb{}\u00a0\u00bb][et_pb_row _builder_version=\u00a0\u00bb4.24.2&Prime; _module_preset=\u00a0\u00bbdefault\u00a0\u00bb width=\u00a0\u00bb50%\u00a0\u00bb width_tablet=\u00a0\u00bb80%\u00a0\u00bb width_phone=\u00a0\u00bb80%\u00a0\u00bb width_last_edited=\u00a0\u00bbon|tablet\u00a0\u00bb custom_margin=\u00a0\u00bb||52px||false|false\u00a0\u00bb custom_margin_tablet=\u00a0\u00bb||52px||false|false\u00a0\u00bb custom_margin_phone=\u00a0\u00bb||0px||false|false\u00a0\u00bb custom_margin_last_edited=\u00a0\u00bbon|phone\u00a0\u00bb global_colors_info=\u00a0\u00bb{}\u00a0\u00bb width__hover_enabled=\u00a0\u00bboff|desktop\u00a0\u00bb][et_pb_column type=\u00a0\u00bb4_4&Prime; _builder_version=\u00a0\u00bb4.17.1&Prime; _module_preset=\u00a0\u00bbdefault\u00a0\u00bb global_colors_info=\u00a0\u00bb{}\u00a0\u00bb][et_pb_text _builder_version=\u00a0\u00bb4.24.2&Prime; _module_preset=\u00a0\u00bbc16985e1-e0d6-4022-964d-e2bfc04fa633&Prime; header_font=\u00a0\u00bbAveria Libre|700|||||||\u00a0\u00bb header_text_color=\u00a0\u00bb#E1ECEA\u00a0\u00bb header_font_size=\u00a0\u00bb90px\u00a0\u00bb header_line_height=\u00a0\u00bb1.1em\u00a0\u00bb text_orientation=\u00a0\u00bbcenter\u00a0\u00bb min_height=\u00a0\u00bb209px\u00a0\u00bb custom_margin=\u00a0\u00bb||0px||false|false\u00a0\u00bb header_font_size_tablet=\u00a0\u00bb40px\u00a0\u00bb header_font_size_phone=\u00a0\u00bb41px\u00a0\u00bb header_font_size_last_edited=\u00a0\u00bbon|desktop\u00a0\u00bb global_colors_info=\u00a0\u00bb{}\u00a0\u00bb]<\/p>\n<h1>Apprenez \u00e0 voler !<\/h1>\n<p>[\/et_pb_text][\/et_pb_column][\/et_pb_row][\/et_pb_section][et_pb_section fb_built=\u00a0\u00bb1&Prime; admin_label=\u00a0\u00bbContact\u00a0\u00bb _builder_version=\u00a0\u00bb4.17.3&Prime; _module_preset=\u00a0\u00bbdefault\u00a0\u00bb use_background_color_gradient=\u00a0\u00bbon\u00a0\u00bb background_color_gradient_stops=\u00a0\u00bb#e5e8f0 0%|rgba(229,232,240,0) 30%\u00a0\u00bb collapsed=\u00a0\u00bbon\u00a0\u00bb global_colors_info=\u00a0\u00bb{}\u00a0\u00bb][et_pb_row column_structure=\u00a0\u00bb1_2,1_2&Prime; _builder_version=\u00a0\u00bb4.27.4&Prime; _module_preset=\u00a0\u00bbdefault\u00a0\u00bb custom_margin=\u00a0\u00bb||50px||false|false\u00a0\u00bb global_colors_info=\u00a0\u00bb{}\u00a0\u00bb][et_pb_column type=\u00a0\u00bb1_2&Prime; _builder_version=\u00a0\u00bb4.27.4&Prime; _module_preset=\u00a0\u00bbdefault\u00a0\u00bb global_colors_info=\u00a0\u00bb{}\u00a0\u00bb][et_pb_text _builder_version=\u00a0\u00bb4.27.4&Prime; _module_preset=\u00a0\u00bbdefault\u00a0\u00bb text_font=\u00a0\u00bbPoppins||||||||\u00a0\u00bb header_font=\u00a0\u00bbPoppins|700|||||||\u00a0\u00bb header_letter_spacing=\u00a0\u00bb1px\u00a0\u00bb header_line_height=\u00a0\u00bb1.6em\u00a0\u00bb global_colors_info=\u00a0\u00bb{}\u00a0\u00bb]<\/p>\n<h1>Le wingfoil c&rsquo;est quoi ?<\/h1>\n<p data-start=\"67\" data-end=\"279\">Le wingfoil, ou wingfoiling, est un sport nautique hybride entre le windsurf et le kitesurf. Il consiste \u00e0 naviguer sur un hydrofoil gr\u00e2ce \u00e0 la force du vent \u00e0 l&rsquo;aide d&rsquo;une voile inspir\u00e9e des ailes de kitesurf.<br \/>La forme moderne du wingfoil est relativement r\u00e9cente, mais l&rsquo;id\u00e9e de naviguer sur l&rsquo;eau gr\u00e2ce \u00e0 une voile s\u00e9par\u00e9e de la planche ne date pas d&rsquo;hier. Le premier prototype de voile s&rsquo;apparentant \u00e0 une wing date des ann\u00e9es 80. Cependant, c&rsquo;est avec le d\u00e9veloppement des hydrofoils et les progr\u00e8s techniques issus de la construction des voiles de kitesurf que la wingfoil a pu aboutir \u00e0 sa forme actuelle.<\/p>\n<p>&nbsp;<\/p>\n<p>[\/et_pb_text][\/et_pb_column][et_pb_column type=\u00a0\u00bb1_2&Prime; _builder_version=\u00a0\u00bb4.27.4&Prime; _module_preset=\u00a0\u00bbdefault\u00a0\u00bb global_colors_info=\u00a0\u00bb{}\u00a0\u00bb][et_pb_image src=\u00a0\u00bbhttps:\/\/www.hurakan-wing-school.fr\/wp-content\/uploads\/2025\/02\/premiere-wing.jpg\u00a0\u00bb alt=\u00a0\u00bbphoto d&rsquo;un des premier prototype de wingfoil\u00a0\u00bb title_text=\u00a0\u00bbpremier prototype  wing\u00a0\u00bb align=\u00a0\u00bbcenter\u00a0\u00bb _builder_version=\u00a0\u00bb4.27.4&Prime; _module_preset=\u00a0\u00bbdefault\u00a0\u00bb min_height=\u00a0\u00bb296px\u00a0\u00bb global_colors_info=\u00a0\u00bb{}\u00a0\u00bb][\/et_pb_image][\/et_pb_column][\/et_pb_row][et_pb_row column_structure=\u00a0\u00bb1_2,1_2&Prime; _builder_version=\u00a0\u00bb4.27.4&Prime; _module_preset=\u00a0\u00bbdefault\u00a0\u00bb custom_margin=\u00a0\u00bb||50px||false|false\u00a0\u00bb global_colors_info=\u00a0\u00bb{}\u00a0\u00bb][et_pb_column type=\u00a0\u00bb1_2&Prime; _builder_version=\u00a0\u00bb4.27.4&Prime; _module_preset=\u00a0\u00bbdefault\u00a0\u00bb global_colors_info=\u00a0\u00bb{}\u00a0\u00bb][et_pb_image src=\u00a0\u00bbhttps:\/\/www.hurakan-wing-school.fr\/wp-content\/uploads\/2025\/02\/IMG_20240622_153845409-e1740318249999.jpg\u00a0\u00bb alt=\u00a0\u00bbphoto d&rsquo;une cours de wing au lac de monteynard\u00a0\u00bb title_text=\u00a0\u00bbseance cours de wingfoil\u00a0\u00bb align=\u00a0\u00bbcenter\u00a0\u00bb _builder_version=\u00a0\u00bb4.27.4&Prime; _module_preset=\u00a0\u00bbdefault\u00a0\u00bb width=\u00a0\u00bb86%\u00a0\u00bb global_colors_info=\u00a0\u00bb{}\u00a0\u00bb][\/et_pb_image][\/et_pb_column][et_pb_column type=\u00a0\u00bb1_2&Prime; _builder_version=\u00a0\u00bb4.27.4&Prime; _module_preset=\u00a0\u00bbdefault\u00a0\u00bb global_colors_info=\u00a0\u00bb{}\u00a0\u00bb][et_pb_text _builder_version=\u00a0\u00bb4.27.4&Prime; _module_preset=\u00a0\u00bbdefault\u00a0\u00bb text_font=\u00a0\u00bbPoppins||||||||\u00a0\u00bb header_font=\u00a0\u00bbPoppins|700|||||||\u00a0\u00bb header_letter_spacing=\u00a0\u00bb1px\u00a0\u00bb header_line_height=\u00a0\u00bb1.6em\u00a0\u00bb hover_enabled=\u00a0\u00bb0&Prime; global_colors_info=\u00a0\u00bb{}\u00a0\u00bb sticky_enabled=\u00a0\u00bb0&Prime;]<\/p>\n<h1>comment apprendre la wing ?<\/h1>\n<p data-start=\"34\" data-end=\"428\">Le wingfoil est probablement le sport \u00e0 foil le plus accessible. Il reste n\u00e9anmoins un sport n\u00e9cessitant une p\u00e9riode d&rsquo;apprentissage plus ou moins longue selon votre connaissance du vent et des sports de glisse. Il n&rsquo;est pas forc\u00e9ment n\u00e9cessaire d&rsquo;avoir une excellente condition physique pour apprendre la wing, mais un bon \u00e9quilibre et une bonne aisance aquatique aideront \u00e0 l&rsquo;apprentissage du wing foil.<br \/>Pour un apprentissage optimal de la wing, il est pr\u00e9f\u00e9rable de choisir un plan d&rsquo;eau le plus calme possible, comme un lac ou un \u00e9tang. Un plan d&rsquo;eau plat, sans vagues, facilitera l&rsquo;\u00e9quilibre sur la planche. Le lac de Monteynard et donc un spot ideal pour les cours de wing<br \/>Il n&rsquo;est pas n\u00e9cessaire d&rsquo;avoir des conditions tr\u00e8s venteuses pour d\u00e9buter. L&rsquo;id\u00e9al se situe entre 15 et 40 km\/h : en dessous, il sera difficile pour un d\u00e9butant de prendre de la vitesse et de ressentir la puissance de la voile ; au-del\u00e0 de 40 km\/h, il sera compliqu\u00e9 de trouver un plan d&rsquo;eau plat, et la voile pardonnera moins les erreurs. Cependant, il est tout de m\u00eame possible de naviguer et d&rsquo;apprendre avec des conditions moins id\u00e9ales, notamment en adaptant le mat\u00e9riel.<\/p>\n<p>[\/et_pb_text][\/et_pb_column][\/et_pb_row][et_pb_row column_structure=\u00a0\u00bb1_2,1_2&Prime; _builder_version=\u00a0\u00bb4.27.4&Prime; _module_preset=\u00a0\u00bbdefault\u00a0\u00bb custom_margin=\u00a0\u00bb||50px||false|false\u00a0\u00bb global_colors_info=\u00a0\u00bb{}\u00a0\u00bb][et_pb_column type=\u00a0\u00bb1_2&Prime; _builder_version=\u00a0\u00bb4.27.4&Prime; _module_preset=\u00a0\u00bbdefault\u00a0\u00bb global_colors_info=\u00a0\u00bb{}\u00a0\u00bb][et_pb_text _builder_version=\u00a0\u00bb4.27.4&Prime; _module_preset=\u00a0\u00bbdefault\u00a0\u00bb text_font=\u00a0\u00bbPoppins||||||||\u00a0\u00bb header_font=\u00a0\u00bbPoppins|700|||||||\u00a0\u00bb header_letter_spacing=\u00a0\u00bb1px\u00a0\u00bb header_line_height=\u00a0\u00bb1.6em\u00a0\u00bb hover_enabled=\u00a0\u00bb0&Prime; global_colors_info=\u00a0\u00bb{}\u00a0\u00bb sticky_enabled=\u00a0\u00bb0&Prime;]<\/p>\n<h1>Le lac de Monteynard ?<\/h1>\n<p data-start=\"34\" data-end=\"296\">Le lac de Monteynard est un lac artificiel relativement r\u00e9cent (1962). Il est le deuxi\u00e8me lac le plus vent\u00e9 d\u2019Europe, apr\u00e8s le lac de Garde. Une brise thermique s\u2019y forme presque tous les jours, offrant des conditions id\u00e9ales pour les sports nautiques \u00e0 voile.<br \/>Pendant de longues ann\u00e9es, il a \u00e9t\u00e9 l\u2019un des spots de planche \u00e0 voile les plus reconnus de France. Il a \u00e9galement \u00e9t\u00e9 un site pionnier lors de l\u2019apparition du kitesurf. Aujourd\u2019hui, le lac de Monteynard est un plan d\u2019eau parfait pour la pratique et l&rsquo;apprentisage du wingfoil, sa fr\u00e9quentation ne cesse d\u2019augmenter.<br \/>C&rsquo;est l\u2019un des seuls endroits \u00e0 plus de 300 km \u00e0 la ronde o\u00f9 la pratique est possible, en faisant un lieu de choix pour apprendre la wing a Grenoble. De plus, le lac de Monteynard, \u00e9tant relativement \u00e9troit, est rarement agit\u00e9. En \u00e9t\u00e9, la temp\u00e9rature de l\u2019eau peut facilement atteindre les 25\u00b0C.<\/p>\n<p>[\/et_pb_text][\/et_pb_column][et_pb_column type=\u00a0\u00bb1_2&Prime; _builder_version=\u00a0\u00bb4.27.4&Prime; _module_preset=\u00a0\u00bbdefault\u00a0\u00bb global_colors_info=\u00a0\u00bb{}\u00a0\u00bb][et_pb_image src=\u00a0\u00bbhttps:\/\/www.hurakan-wing-school.fr\/wp-content\/uploads\/2025\/02\/banniere-home-hurakan.jpg\u00a0\u00bb alt=\u00a0\u00bbphoto du lac de monteynard spot de wing foil\u00a0\u00bb title_text=\u00a0\u00bblac de monteynard wingfoil\u00a0\u00bb align=\u00a0\u00bbcenter\u00a0\u00bb _builder_version=\u00a0\u00bb4.27.4&Prime; _module_preset=\u00a0\u00bbdefault\u00a0\u00bb global_colors_info=\u00a0\u00bb{}\u00a0\u00bb][\/et_pb_image][\/et_pb_column][\/et_pb_row][et_pb_row column_structure=\u00a0\u00bb1_2,1_2&Prime; _builder_version=\u00a0\u00bb4.27.4&Prime; _module_preset=\u00a0\u00bbdefault\u00a0\u00bb global_colors_info=\u00a0\u00bb{}\u00a0\u00bb][et_pb_column type=\u00a0\u00bb1_2&Prime; _builder_version=\u00a0\u00bb4.27.4&Prime; _module_preset=\u00a0\u00bbdefault\u00a0\u00bb global_colors_info=\u00a0\u00bb{}\u00a0\u00bb][et_pb_image src=\u00a0\u00bbhttps:\/\/www.hurakan-wing-school.fr\/wp-content\/uploads\/2025\/02\/IMG_20240524_110334185_HDR-e1740318821656.jpg\u00a0\u00bb alt=\u00a0\u00bbphoto du mat\u00e9riel utilis\u00e9 par l&rsquo;ecole de wing\u00a0\u00bb title_text=\u00a0\u00bbmareriel de l&rsquo;ecole de wing hurakan\u00a0\u00bb align=\u00a0\u00bbcenter\u00a0\u00bb _builder_version=\u00a0\u00bb4.27.4&Prime; _module_preset=\u00a0\u00bbdefault\u00a0\u00bb width=\u00a0\u00bb89%\u00a0\u00bb custom_margin=\u00a0\u00bb||50px||false|false\u00a0\u00bb global_colors_info=\u00a0\u00bb{}\u00a0\u00bb][\/et_pb_image][\/et_pb_column][et_pb_column type=\u00a0\u00bb1_2&Prime; _builder_version=\u00a0\u00bb4.27.4&Prime; _module_preset=\u00a0\u00bbdefault\u00a0\u00bb global_colors_info=\u00a0\u00bb{}\u00a0\u00bb][et_pb_text _builder_version=\u00a0\u00bb4.27.4&Prime; _module_preset=\u00a0\u00bbdefault\u00a0\u00bb text_font=\u00a0\u00bbPoppins||||||||\u00a0\u00bb header_font=\u00a0\u00bbPoppins|700|||||||\u00a0\u00bb header_letter_spacing=\u00a0\u00bb1px\u00a0\u00bb header_line_height=\u00a0\u00bb1.6em\u00a0\u00bb global_colors_info=\u00a0\u00bb{}\u00a0\u00bb]<\/p>\n<h1>Materiels adapt\u00e9 a l&rsquo;apprentissage ?<\/h1>\n<p data-start=\"34\" data-end=\"537\">Le wingfoil est un sport qui n\u00e9cessite du mat\u00e9riel relativement on\u00e9reux. Il est donc important de bien le choisir. Pour l&rsquo;apprentissage, notamment lors des premi\u00e8res s\u00e9ances, il est pr\u00e9f\u00e9rable d\u2019avoir une planche avec un grand volume. Un volume important facilitera l&rsquo;\u00e9quilibre sur la planche et permettra de remonter dessus avec moins de difficult\u00e9. Une grosse planche permettra tout de m\u00eame de d\u00e9coller sur le foil, mais deviendra rapidement encombrante, notamment lors des changements de direction.<\/p>\n<p data-start=\"539\" data-end=\"827\">Au niveau du foil, il est pr\u00e9f\u00e9rable de choisir un mod\u00e8le avec une surface \u00e9lev\u00e9e. Cela permettra de d\u00e9coller \u00e0 plus basse vitesse et d\u2019offrir plus de stabilit\u00e9. Lors de la progression, il sera n\u00e9cessaire de r\u00e9duire la surface du foil pour gagner en vitesse et en r\u00e9activit\u00e9.<br \/>Lors des premi\u00e8res s\u00e9ances, il est pr\u00e9f\u00e9rable d\u2019avoir un m\u00e2t de foil relativement court. Cela r\u00e9duira la dangerosit\u00e9 en cas de chute et offrira plus de stabilit\u00e9 en vol. Cependant, un m\u00e2t court deviendra vite limitant lors de la progression, car il r\u00e9duit la hauteur que l&rsquo;on peut atteindre sur le foil.<br \/>Pour ce qui est de la voile, l\u2019id\u00e9al est d\u2019en poss\u00e9der trois diff\u00e9rentes afin de s\u2019adapter au mieux aux conditions de vent : une pour le vent fort, une pour les conditions interm\u00e9diaires et une pour les vents l\u00e9gers. Pour d\u00e9buter, il est conseill\u00e9 de privil\u00e9gier des voiles avec un envergure limit\u00e9e afin de r\u00e9duire l\u2019encombrement et d\u2019\u00e9viter qu\u2019elles ne touchent trop souvent l\u2019eau.<br \/>Globalement, le mat\u00e9riel n\u00e9cessaire pour faciliter l&rsquo;apprentissage est assez diff\u00e9rent de celui utilis\u00e9 par des pratiquants confirm\u00e9s. Le mat\u00e9riel pour d\u00e9butant \u00e9tant parfois difficile \u00e0 revendre, il peut \u00eatre financi\u00e8rement plus avantageux de prendre des cours de wingfoil dans une \u00e9cole avant d\u2019acheter du mat\u00e9riel plus performant apr\u00e8s avoir acquis les bases.<\/p>\n<p>[\/et_pb_text][\/et_pb_column][\/et_pb_row][et_pb_row column_structure=\u00a0\u00bb1_2,1_2&Prime; _builder_version=\u00a0\u00bb4.27.4&Prime; _module_preset=\u00a0\u00bbdefault\u00a0\u00bb custom_margin=\u00a0\u00bb||50px||false|false\u00a0\u00bb global_colors_info=\u00a0\u00bb{}\u00a0\u00bb][et_pb_column type=\u00a0\u00bb1_2&Prime; _builder_version=\u00a0\u00bb4.27.4&Prime; _module_preset=\u00a0\u00bbdefault\u00a0\u00bb global_colors_info=\u00a0\u00bb{}\u00a0\u00bb][et_pb_text _builder_version=\u00a0\u00bb4.27.4&Prime; _module_preset=\u00a0\u00bbdefault\u00a0\u00bb text_font=\u00a0\u00bbPoppins||||||||\u00a0\u00bb header_font=\u00a0\u00bbPoppins|700|||||||\u00a0\u00bb header_letter_spacing=\u00a0\u00bb1px\u00a0\u00bb header_line_height=\u00a0\u00bb1.6em\u00a0\u00bb hover_enabled=\u00a0\u00bb0&Prime; global_colors_info=\u00a0\u00bb{}\u00a0\u00bb sticky_enabled=\u00a0\u00bb0&Prime;]<\/p>\n<h1>Pourquoi choisir l&rsquo;ecole Hurakan ?<\/h1>\n<p data-start=\"34\" data-end=\"385\">Prendre des cours de wingfoil avec l&rsquo;ecole de wingfoil hurakan, c&rsquo;est la certitude d&rsquo;apprendre dans des conditions optimales. L&rsquo;\u00e9cole de wing met tout en \u0153uvre pour que les \u00e9l\u00e8ves aient un apprentissage rapide. Le mat\u00e9riel utilis\u00e9 a \u00e9t\u00e9 sp\u00e9cialement s\u00e9lectionn\u00e9 pour faciliter l&rsquo;apprentissage et est r\u00e9guli\u00e8rement remplac\u00e9 afin d\u2019\u00eatre toujours \u00e0 la pointe de l&rsquo;\u00e9volution du sport.<\/p>\n<p data-start=\"387\" data-end=\"594\">Votre moniteur, Mah\u00e9, est le seul moniteur de wingfoil au lac de Monteynard \u00e0 \u00eatre dipl\u00f4m\u00e9 du BPJEPS Glisse A\u00e9rotract\u00e9e. Passionn\u00e9 de sports de glisse, il pratique depuis toujours sur le lac de Monteynard.<\/p>\n<p data-start=\"596\" data-end=\"878\">Ce lac est un spot id\u00e9al pour l&rsquo;apprentissage du wingfoil, souvent plus adapt\u00e9 que de nombreux spots en mer. Les cours de wing sont donn\u00e9s directement en pleine eau \u00e0 l&rsquo;aide d&rsquo;un bateau, ce qui permet de r\u00e9duire les risques, d\u2019offrir une longue d\u00e9rive et d\u2019optimiser le temps de pratique. de plus sa localisation central en fait l&rsquo;un des spot les plus proche pour prendre des cours de wingfoil \u00e0 Grenoble, Lyon ou meme Geneve.<\/p>\n<p>[\/et_pb_text][\/et_pb_column][et_pb_column type=\u00a0\u00bb1_2&Prime; _builder_version=\u00a0\u00bb4.27.4&Prime; _module_preset=\u00a0\u00bbdefault\u00a0\u00bb global_colors_info=\u00a0\u00bb{}\u00a0\u00bb][et_pb_image src=\u00a0\u00bbhttps:\/\/www.hurakan-wing-school.fr\/wp-content\/uploads\/2025\/02\/IMG-20240731-WA0015.jpg\u00a0\u00bb alt=\u00a0\u00bbphoto du moniteur de wing de hurakan \u00a0\u00bb title_text=\u00a0\u00bbmoniteur hurakan\u00a0\u00bb align=\u00a0\u00bbcenter\u00a0\u00bb _builder_version=\u00a0\u00bb4.27.4&Prime; _module_preset=\u00a0\u00bbdefault\u00a0\u00bb width=\u00a0\u00bb60%\u00a0\u00bb global_colors_info=\u00a0\u00bb{}\u00a0\u00bb][\/et_pb_image][\/et_pb_column][\/et_pb_row][et_pb_row _builder_version=\u00a0\u00bb4.17.1&Prime; _module_preset=\u00a0\u00bbdefault\u00a0\u00bb global_colors_info=\u00a0\u00bb{}\u00a0\u00bb][et_pb_column type=\u00a0\u00bb4_4&Prime; _builder_version=\u00a0\u00bb4.17.1&Prime; _module_preset=\u00a0\u00bbdefault\u00a0\u00bb global_colors_info=\u00a0\u00bb{}\u00a0\u00bb][dsm_embed_google_map address=\u00a0\u00bbhurakan wingfoil school\u00a0\u00bb zoom=\u00a0\u00bb11&Prime; _builder_version=\u00a0\u00bb4.24.2&Prime; _module_preset=\u00a0\u00bbdefault\u00a0\u00bb global_colors_info=\u00a0\u00bb{}\u00a0\u00bb][\/dsm_embed_google_map][\/et_pb_column][\/et_pb_row][\/et_pb_section]<\/p>\n","protected":false},"excerpt":{"rendered":"<p>Apprenez \u00e0 voler !Le wingfoil c&rsquo;est quoi ? Le wingfoil, ou wingfoiling, est un sport nautique hybride entre le windsurf et le kitesurf. Il consiste \u00e0 naviguer sur un hydrofoil gr\u00e2ce \u00e0 la force du vent \u00e0 l&rsquo;aide d&rsquo;une voile inspir\u00e9e des ailes de kitesurf.La forme moderne du wingfoil est relativement r\u00e9cente, mais l&rsquo;id\u00e9e de [&hellip;]<\/p>\n","protected":false},"author":1,"featured_media":0,"parent":0,"menu_order":0,"comment_status":"closed","ping_status":"closed","template":"","meta":{"_et_pb_use_builder":"on","_et_pb_old_content":"","_et_gb_content_width":"","two_page_speed":{"current_score":{"status":"error_no_score"}},"footnotes":""},"class_list":["post-295","page","type-page","status-publish","hentry"],"_links":{"self":[{"href":"https:\/\/www.hurakan-wing-school.fr\/index.php\/wp-json\/wp\/v2\/pages\/295","targetHints":{"allow":["GET"]}}],"collection":[{"href":"https:\/\/www.hurakan-wing-school.fr\/index.php\/wp-json\/wp\/v2\/pages"}],"about":[{"href":"https:\/\/www.hurakan-wing-school.fr\/index.php\/wp-json\/wp\/v2\/types\/page"}],"author":[{"embeddable":true,"href":"https:\/\/www.hurakan-wing-school.fr\/index.php\/wp-json\/wp\/v2\/users\/1"}],"replies":[{"embeddable":true,"href":"https:\/\/www.hurakan-wing-school.fr\/index.php\/wp-json\/wp\/v2\/comments?post=295"}],"version-history":[{"count":0,"href":"https:\/\/www.hurakan-wing-school.fr\/index.php\/wp-json\/wp\/v2\/pages\/295\/revisions"}],"wp:attachment":[{"href":"https:\/\/www.hurakan-wing-school.fr\/index.php\/wp-json\/wp\/v2\/media?parent=295"}],"curies":[{"name":"wp","href":"https:\/\/api.w.org\/{rel}","templated":true}]}}