{"id":204,"date":"2024-04-09T11:18:39","date_gmt":"2024-04-09T09:18:39","guid":{"rendered":"https:\/\/www.hurakan-wing-school.fr\/?page_id=204"},"modified":"2024-04-09T11:18:39","modified_gmt":"2024-04-09T09:18:39","slug":"conditions-generales","status":"publish","type":"page","link":"https:\/\/www.hurakan-wing-school.fr\/index.php\/conditions-generales\/","title":{"rendered":"conditions generales"},"content":{"rendered":"<p>[et_pb_section fb_built=\u00a0\u00bb1&Prime; admin_label=\u00a0\u00bbsection\u00a0\u00bb _builder_version=\u00a0\u00bb4.16&Prime; global_colors_info=\u00a0\u00bb{}\u00a0\u00bb][et_pb_row admin_label=\u00a0\u00bbrow\u00a0\u00bb _builder_version=\u00a0\u00bb4.16&Prime; background_size=\u00a0\u00bbinitial\u00a0\u00bb background_position=\u00a0\u00bbtop_left\u00a0\u00bb background_repeat=\u00a0\u00bbrepeat\u00a0\u00bb global_colors_info=\u00a0\u00bb{}\u00a0\u00bb][et_pb_column type=\u00a0\u00bb4_4&Prime; _builder_version=\u00a0\u00bb4.16&Prime; custom_padding=\u00a0\u00bb|||\u00a0\u00bb global_colors_info=\u00a0\u00bb{}\u00a0\u00bb custom_padding__hover=\u00a0\u00bb|||\u00a0\u00bb][et_pb_text _builder_version=\u00a0\u00bb4.24.2&Prime; _module_preset=\u00a0\u00bbdefault\u00a0\u00bb header_font_size=\u00a0\u00bb57px\u00a0\u00bb global_colors_info=\u00a0\u00bb{}\u00a0\u00bb]<\/p>\n<h1 style=\"text-align: center;\"><strong>Conditions g\u00e9n\u00e9rales de vente<\/strong><\/h1>\n<p>[\/et_pb_text][et_pb_text _builder_version=\u00a0\u00bb4.24.2&Prime; _module_preset=\u00a0\u00bbdefault\u00a0\u00bb global_colors_info=\u00a0\u00bb{}\u00a0\u00bb]<\/p>\n<p><strong>Article 1 &#8211; Objet<\/strong> Les pr\u00e9sentes conditions g\u00e9n\u00e9rales de vente (CGV) ont pour objet de d\u00e9finir les conditions dans lesquelles Hurakan wing school fournit des prestations de cours, de stages et de location de mat\u00e9riel de wingfoil \u00e0 ses clients.<\/p>\n<p><strong>Article 2 &#8211; Prestations propos\u00e9es<\/strong> Hurakan wing school propose des cours et des stages de wingfoil pour tous les niveaux, ainsi que la location de mat\u00e9riel de wingfoil. Les prestations sont encadr\u00e9es par un moniteurs dipl\u00f4m\u00e9s pour cette activit\u00e9.<\/p>\n<p><strong>Article 3 &#8211; Tarifs<\/strong> Les tarifs des prestations sont indiqu\u00e9s sur le site web de l&rsquo;ecole et sont exprim\u00e9s en euros toutes taxes comprises (TTC). Les tarifs peuvent \u00eatre modifi\u00e9s \u00e0 tout moment, mais les prestations seront factur\u00e9es sur la base des tarifs en vigueur au moment de la r\u00e9servation.<\/p>\n<p><strong>Article 4 &#8211; R\u00e9servation et annulation<\/strong> La r\u00e9servation des prestations se fait en ligne sur le site web de Hurakan wing school par t\u00e9l\u00e9phone ou par mail. Toute r\u00e9servation doit \u00eatre confirm\u00e9e par le paiement d&rsquo;un acompte de 30% du montant total de la prestation. En cas d&rsquo;annulation de la part du client, l&rsquo;acompte ne sera pas rembours\u00e9. En cas d&rsquo;annulation d&rsquo;un cours de la part de Hurakan wing school pour des raisons m\u00e9t\u00e9orologiques ou de s\u00e9curit\u00e9, la prestation sera report\u00e9e \u00e0 une date ult\u00e9rieure ou rembours\u00e9e int\u00e9gralement ou partiellement si une partie \u00e0 deja \u00e9t\u00e9 effectu\u00e9.<\/p>\n<p><strong>Article 5 &#8211; Paiement<\/strong> Le solde de la prestation doit \u00eatre r\u00e9gl\u00e9 au plus tard le jour de la prestation. Les paiements peuvent \u00eatre effectu\u00e9s en esp\u00e8ces, par ch\u00e8que, ou par virement bancaire.<\/p>\n<p><strong>Article 6 &#8211; Responsabilit\u00e9<\/strong> l&rsquo;\u00e9cole d\u00e9cline toute responsabilit\u00e9 en cas d&rsquo;accident ou de dommage mat\u00e9riel caus\u00e9 par le client pendant la prestation. <span style=\"text-decoration: underline;\">Le client doit obligatoirement \u00eatre titulaire d&rsquo;une assurance responsabilit\u00e9 civile prenant en compte le wingfoil\u00a0<\/span> ou en souscrire une au pr\u00e9s de <a href=\"https:\/\/www.air-assurances.com\/formafkite.asp?ecole=38100\">l&rsquo;AFkite<\/a><\/p>\n<p><strong>Article 7 &#8211; Droit de r\u00e9tractation<\/strong> Conform\u00e9ment \u00e0 l&rsquo;article L.221-28 du Code de la consommation, le droit de r\u00e9tractation ne peut \u00eatre exerc\u00e9 pour les prestations de loisirs fournies \u00e0 une date ou \u00e0 une p\u00e9riode d\u00e9termin\u00e9e.<\/p>\n<p><strong>Article 8 &#8211; Loi applicable et juridiction comp\u00e9tente<\/strong> Les pr\u00e9sentes CGV sont soumises \u00e0 la loi fran\u00e7aise. Tout litige relatif \u00e0 l&rsquo;interpr\u00e9tation ou \u00e0 l&rsquo;ex\u00e9cution des pr\u00e9sentes CGV sera port\u00e9 devant les tribunaux comp\u00e9tents du ressort du si\u00e8ge social de Hurakan wing foil school.<\/p>\n<p>[\/et_pb_text][\/et_pb_column][\/et_pb_row][\/et_pb_section]<\/p>\n","protected":false},"excerpt":{"rendered":"<p>Conditions g\u00e9n\u00e9rales de venteArticle 1 &#8211; Objet Les pr\u00e9sentes conditions g\u00e9n\u00e9rales de vente (CGV) ont pour objet de d\u00e9finir les conditions dans lesquelles Hurakan wing school fournit des prestations de cours, de stages et de location de mat\u00e9riel de wingfoil \u00e0 ses clients. Article 2 &#8211; Prestations propos\u00e9es Hurakan wing school propose des cours et [&hellip;]<\/p>\n","protected":false},"author":1,"featured_media":0,"parent":0,"menu_order":0,"comment_status":"closed","ping_status":"closed","template":"","meta":{"_et_pb_use_builder":"on","_et_pb_old_content":"","_et_gb_content_width":"","two_page_speed":[],"footnotes":""},"class_list":["post-204","page","type-page","status-publish","hentry"],"_links":{"self":[{"href":"https:\/\/www.hurakan-wing-school.fr\/index.php\/wp-json\/wp\/v2\/pages\/204","targetHints":{"allow":["GET"]}}],"collection":[{"href":"https:\/\/www.hurakan-wing-school.fr\/index.php\/wp-json\/wp\/v2\/pages"}],"about":[{"href":"https:\/\/www.hurakan-wing-school.fr\/index.php\/wp-json\/wp\/v2\/types\/page"}],"author":[{"embeddable":true,"href":"https:\/\/www.hurakan-wing-school.fr\/index.php\/wp-json\/wp\/v2\/users\/1"}],"replies":[{"embeddable":true,"href":"https:\/\/www.hurakan-wing-school.fr\/index.php\/wp-json\/wp\/v2\/comments?post=204"}],"version-history":[{"count":0,"href":"https:\/\/www.hurakan-wing-school.fr\/index.php\/wp-json\/wp\/v2\/pages\/204\/revisions"}],"wp:attachment":[{"href":"https:\/\/www.hurakan-wing-school.fr\/index.php\/wp-json\/wp\/v2\/media?parent=204"}],"curies":[{"name":"wp","href":"https:\/\/api.w.org\/{rel}","templated":true}]}}